{"id":208,"date":"2019-09-06T14:57:03","date_gmt":"2019-09-06T14:57:03","guid":{"rendered":"https:\/\/wp.nkdev.info\/squadforce\/?page_id=208"},"modified":"2019-09-06T14:57:03","modified_gmt":"2019-09-06T14:57:03","slug":"blog-fullwidth","status":"publish","type":"page","link":"https:\/\/tech.utdnews.com\/de\/blog-fullwidth\/","title":{"rendered":"Blog Fullwidth"},"content":{"rendered":"\n<div class=\"wp-block-nk-visual-portfolio\">\n<div class=\"vp-portfolio vp-uid-5ec0d24c vp-id-206 \"\n\tdata-vp-layout=\"tiles\" data-vp-content-source=\"post-based\" data-vp-items-style=\"squadforce-fullwidth\" data-vp-items-click-action=\"url\" data-vp-items-gap=\"15\" data-vp-items-gap-vertical=\"\" data-vp-pagination=\"paged\" data-vp-next-page-url=\"\" data-vp-tiles-type=\"1|1,0.5|\" >\n\t<div class=\"vp-portfolio__preloader-wrap\">\n\t\t<div class=\"vp-portfolio__preloader\">\n\t\t\t<img decoding=\"async\" loading=\"eager\" src=\"https:\/\/tech.utdnews.com\/wp-content\/plugins\/visual-portfolio\/assets\/images\/logo-dark.svg\" alt=\"Visual Portfolio, Posts &amp; Image Gallery for WordPress\" width=\"20\" height=\"20\" data-skip-lazy>\n\t\t<\/div>\n\t<\/div>\n\t\t<div class=\"vp-portfolio__items-wrap\">\n\t\t\t\n<div class=\"vp-portfolio__items vp-portfolio__items-style-squadforce-fullwidth\">\n\n\t\t<article\t\tclass=\"vp-portfolio__item-wrap post-1162 post type-post status-publish format-standard has-post-thumbnail hentry category-psychologie vp-portfolio__item-uid-47f6db2e\" data-vp-filter=\"psychologie\" \t\t>\n\t\t\t\t\t\t\t\t\t<figure class=\"vp-portfolio__item\">\n\t\t\t\t<div class=\"nk-blog-post nk-blog-fullwidth\">\n        <a href=\"https:\/\/tech.utdnews.com\/de\/die-wissenschaft-hinter-dem-was-tinder-mit-deinem-gehirn-anstellt\/\" class=\"nk-post-img\"\n                    >\n            <noscript><img loading=\"lazy\" decoding=\"async\" width=\"1920\" height=\"1281\" src=\"https:\/\/tech.utdnews.com\/wp-content\/uploads\/2021\/10\/social-media-5025657_1920.jpg\" class=\"wp-image-1163\" alt=\"\" srcset=\"https:\/\/tech.utdnews.com\/wp-content\/uploads\/2021\/10\/social-media-5025657_1920.jpg 1920w, https:\/\/tech.utdnews.com\/wp-content\/uploads\/2021\/10\/social-media-5025657_1920-300x200.jpg 300w, https:\/\/tech.utdnews.com\/wp-content\/uploads\/2021\/10\/social-media-5025657_1920-1024x683.jpg 1024w, https:\/\/tech.utdnews.com\/wp-content\/uploads\/2021\/10\/social-media-5025657_1920-768x512.jpg 768w, https:\/\/tech.utdnews.com\/wp-content\/uploads\/2021\/10\/social-media-5025657_1920-1536x1025.jpg 1536w, https:\/\/tech.utdnews.com\/wp-content\/uploads\/2021\/10\/social-media-5025657_1920-500x334.jpg 500w, https:\/\/tech.utdnews.com\/wp-content\/uploads\/2021\/10\/social-media-5025657_1920-800x534.jpg 800w, https:\/\/tech.utdnews.com\/wp-content\/uploads\/2021\/10\/social-media-5025657_1920-1280x854.jpg 1280w, https:\/\/tech.utdnews.com\/wp-content\/uploads\/2021\/10\/social-media-5025657_1920-48x32.jpg 48w\" sizes=\"(max-width: 1920px) 100vw, 1920px\" \/><\/noscript><img fetchpriority=\"high\" decoding=\"async\" width=\"1920\" height=\"1281\" src=\"https:\/\/tech.utdnews.com\/wp-content\/uploads\/2021\/10\/social-media-5025657_1920.jpg\" class=\"wp-image-1163 vp-lazyload\" alt srcset=\"data:image\/svg+xml;base64,PHN2ZyB3aWR0aD0iMTkyMCIgaGVpZ2h0PSIxMjgxIiB2aWV3Qm94PSIwIDAgMTkyMCAxMjgxIiBmaWxsPSJub25lIiB4bWxucz0iaHR0cDovL3d3dy53My5vcmcvMjAwMC9zdmciPjwvc3ZnPg==\" data-src=\"https:\/\/tech.utdnews.com\/wp-content\/uploads\/2021\/10\/social-media-5025657_1920.jpg\" data-srcset=\"https:\/\/tech.utdnews.com\/wp-content\/uploads\/2021\/10\/social-media-5025657_1920.jpg 1920w, https:\/\/tech.utdnews.com\/wp-content\/uploads\/2021\/10\/social-media-5025657_1920-300x200.jpg 300w, https:\/\/tech.utdnews.com\/wp-content\/uploads\/2021\/10\/social-media-5025657_1920-1024x683.jpg 1024w, https:\/\/tech.utdnews.com\/wp-content\/uploads\/2021\/10\/social-media-5025657_1920-768x512.jpg 768w, https:\/\/tech.utdnews.com\/wp-content\/uploads\/2021\/10\/social-media-5025657_1920-1536x1025.jpg 1536w, https:\/\/tech.utdnews.com\/wp-content\/uploads\/2021\/10\/social-media-5025657_1920-500x334.jpg 500w, https:\/\/tech.utdnews.com\/wp-content\/uploads\/2021\/10\/social-media-5025657_1920-800x534.jpg 800w, https:\/\/tech.utdnews.com\/wp-content\/uploads\/2021\/10\/social-media-5025657_1920-1280x854.jpg 1280w, https:\/\/tech.utdnews.com\/wp-content\/uploads\/2021\/10\/social-media-5025657_1920-48x32.jpg 48w\" data-sizes=\"auto\" loading=\"eager\">                        <span class=\"nk-post-categories\"><span style=\"background-color:#7CC942\">Psychologie<\/span><\/span>        <\/a>\n        <div class=\"nk-gap-2\"><\/div>\n    <div class=\"row vertical-gap\">\n        <div class=\"col-md-8 col-lg-9\">\n                            <h2 class=\"nk-post-title h4\">\n                                            <a href=\"https:\/\/tech.utdnews.com\/de\/die-wissenschaft-hinter-dem-was-tinder-mit-deinem-gehirn-anstellt\/\"\n                                                    >\n                            Was Tinder mit deinem Gehirn anstellt.                        <\/a>\n                                        <\/h2>\n                                <div class=\"nk-gap-1\"><\/div>\n                                                <div class=\"nk-post-text\">\n                    Eine neue Studie erkl\u00e4rt, wie Dating-Apps die Menschen ver\u00e4ndern. Quelle: Diego Cervo\/Shutterstock Dating&nbsp;Apps und Websites haben es einfacher denn je gemacht, neue Leute kennenzulernen.&nbsp;Eine Studie&nbsp;hat herausgefunden, dass etwa ein Drittel aller Ehen online geschlossen werden.&nbsp;Bereits 72 Prozent der Studenten nutzen Tinder, und 80 Prozent&nbsp;der Tinder-Nutzer sind Millennials. Es lohnt sich, einen Blick auf die sozialen und pers\u00f6nlichen Folgen zu werfen, wenn wir Menschen \u00fcber unsere Bildschirme kennenlernen. Wir schauen uns...                <\/div>\n                        <\/div>\n                <div class=\"col-md-4 col-lg-3\">\n                    <div class=\"nk-post-by\">\n            <img alt='' src='https:\/\/secure.gravatar.com\/avatar\/0c5c1517816cd305172ab0d6877c7e3f?s=60&#038;d=mm&#038;r=g' srcset='https:\/\/secure.gravatar.com\/avatar\/0c5c1517816cd305172ab0d6877c7e3f?s=120&#038;d=mm&#038;r=g 2x' class='avatar avatar-60 photo rounded-circle' height='60' width='60' \/>by <span class=\"author vcard\"><a class=\"url fn n\" href=\"https:\/\/tech.utdnews.com\/de\/author\/tech-utdnews-com\/\">tech.utdnews.com<\/a><\/span><br> in Oktober 16, 2021        <\/div>\n                <\/div>\n    <\/div>\n<\/div>\n\t\t\t<\/figure>\n\t\t\t\t\t<\/article>\n\t\t\n\t\t<article\t\tclass=\"vp-portfolio__item-wrap post-1155 post type-post status-publish format-standard has-post-thumbnail hentry category-technologie vp-portfolio__item-uid-f2bf1d4e\" data-vp-filter=\"technologie\" \t\t>\n\t\t\t\t\t\t\t\t\t<figure class=\"vp-portfolio__item\">\n\t\t\t\t<div class=\"nk-blog-post nk-blog-fullwidth\">\n        <a href=\"https:\/\/tech.utdnews.com\/de\/sind-vorgefertigte-websites-das-ende-von-webdesign\/\" class=\"nk-post-img\"\n                    >\n            <noscript><img loading=\"lazy\" decoding=\"async\" width=\"1920\" height=\"1280\" src=\"https:\/\/tech.utdnews.com\/wp-content\/uploads\/2021\/10\/web-design-3411373_1920.jpg\" class=\"wp-image-1157\" alt=\"\" srcset=\"https:\/\/tech.utdnews.com\/wp-content\/uploads\/2021\/10\/web-design-3411373_1920.jpg 1920w, https:\/\/tech.utdnews.com\/wp-content\/uploads\/2021\/10\/web-design-3411373_1920-300x200.jpg 300w, https:\/\/tech.utdnews.com\/wp-content\/uploads\/2021\/10\/web-design-3411373_1920-1024x683.jpg 1024w, https:\/\/tech.utdnews.com\/wp-content\/uploads\/2021\/10\/web-design-3411373_1920-768x512.jpg 768w, https:\/\/tech.utdnews.com\/wp-content\/uploads\/2021\/10\/web-design-3411373_1920-1536x1024.jpg 1536w, https:\/\/tech.utdnews.com\/wp-content\/uploads\/2021\/10\/web-design-3411373_1920-500x333.jpg 500w, https:\/\/tech.utdnews.com\/wp-content\/uploads\/2021\/10\/web-design-3411373_1920-800x533.jpg 800w, https:\/\/tech.utdnews.com\/wp-content\/uploads\/2021\/10\/web-design-3411373_1920-1280x853.jpg 1280w, https:\/\/tech.utdnews.com\/wp-content\/uploads\/2021\/10\/web-design-3411373_1920-48x32.jpg 48w\" sizes=\"(max-width: 1920px) 100vw, 1920px\" \/><\/noscript><img decoding=\"async\" width=\"1920\" height=\"1280\" src=\"https:\/\/tech.utdnews.com\/wp-content\/uploads\/2021\/10\/web-design-3411373_1920.jpg\" class=\"wp-image-1157 vp-lazyload\" alt srcset=\"data:image\/svg+xml;base64,PHN2ZyB3aWR0aD0iMTkyMCIgaGVpZ2h0PSIxMjgwIiB2aWV3Qm94PSIwIDAgMTkyMCAxMjgwIiBmaWxsPSJub25lIiB4bWxucz0iaHR0cDovL3d3dy53My5vcmcvMjAwMC9zdmciPjwvc3ZnPg==\" data-src=\"https:\/\/tech.utdnews.com\/wp-content\/uploads\/2021\/10\/web-design-3411373_1920.jpg\" data-srcset=\"https:\/\/tech.utdnews.com\/wp-content\/uploads\/2021\/10\/web-design-3411373_1920.jpg 1920w, https:\/\/tech.utdnews.com\/wp-content\/uploads\/2021\/10\/web-design-3411373_1920-300x200.jpg 300w, https:\/\/tech.utdnews.com\/wp-content\/uploads\/2021\/10\/web-design-3411373_1920-1024x683.jpg 1024w, https:\/\/tech.utdnews.com\/wp-content\/uploads\/2021\/10\/web-design-3411373_1920-768x512.jpg 768w, https:\/\/tech.utdnews.com\/wp-content\/uploads\/2021\/10\/web-design-3411373_1920-1536x1024.jpg 1536w, https:\/\/tech.utdnews.com\/wp-content\/uploads\/2021\/10\/web-design-3411373_1920-500x333.jpg 500w, https:\/\/tech.utdnews.com\/wp-content\/uploads\/2021\/10\/web-design-3411373_1920-800x533.jpg 800w, https:\/\/tech.utdnews.com\/wp-content\/uploads\/2021\/10\/web-design-3411373_1920-1280x853.jpg 1280w, https:\/\/tech.utdnews.com\/wp-content\/uploads\/2021\/10\/web-design-3411373_1920-48x32.jpg 48w\" data-sizes=\"auto\" loading=\"eager\">                        <span class=\"nk-post-categories\"><span style=\"background-color:#1BA6FF\">Technologie<\/span><\/span>        <\/a>\n        <div class=\"nk-gap-2\"><\/div>\n    <div class=\"row vertical-gap\">\n        <div class=\"col-md-8 col-lg-9\">\n                            <h2 class=\"nk-post-title h4\">\n                                            <a href=\"https:\/\/tech.utdnews.com\/de\/sind-vorgefertigte-websites-das-ende-von-webdesign\/\"\n                                                    >\n                            Sind vorgefertigte Websites das Ende von Webdesign?                        <\/a>\n                                        <\/h2>\n                                <div class=\"nk-gap-1\"><\/div>\n                                                <div class=\"nk-post-text\">\n                    Es kommt nicht selten vor, dass man jemanden trifft, der mit dem Auf und Ab des Webdesigns nicht so vertraut ist und einem sagt: &quot;Ich kann das Gleiche machen wie du, mit Squarespace&quot;. Darauf k\u00f6nnten Sie mit Abscheu oder Wut reagieren. Ich meine, es ist nicht \u00fcberraschend. Das Aufkommen fertiger Drag-and-Drop-&nbsp;Webseitenerstellungsplattformen&nbsp;die Erstellung von Webseiten so viel einfacher gemacht, vor allem, weil wenig bis gar kein Programmieren erforderlich ist. Und als...                <\/div>\n                        <\/div>\n                <div class=\"col-md-4 col-lg-3\">\n                    <div class=\"nk-post-by\">\n            <img alt='' src='https:\/\/secure.gravatar.com\/avatar\/0c5c1517816cd305172ab0d6877c7e3f?s=60&#038;d=mm&#038;r=g' srcset='https:\/\/secure.gravatar.com\/avatar\/0c5c1517816cd305172ab0d6877c7e3f?s=120&#038;d=mm&#038;r=g 2x' class='avatar avatar-60 photo rounded-circle' height='60' width='60' \/>by <span class=\"author vcard\"><a class=\"url fn n\" href=\"https:\/\/tech.utdnews.com\/de\/author\/tech-utdnews-com\/\">tech.utdnews.com<\/a><\/span><br> in Oktober 16, 2021        <\/div>\n                <\/div>\n    <\/div>\n<\/div>\n\t\t\t<\/figure>\n\t\t\t\t\t<\/article>\n\t\t\n\t\t<article\t\tclass=\"vp-portfolio__item-wrap post-1124 post type-post status-publish format-standard has-post-thumbnail hentry category-gaming vp-portfolio__item-uid-caf9bb1f\" data-vp-filter=\"gaming\" \t\t>\n\t\t\t\t\t\t\t\t\t<figure class=\"vp-portfolio__item\">\n\t\t\t\t<div class=\"nk-blog-post nk-blog-fullwidth\">\n        <a href=\"https:\/\/tech.utdnews.com\/de\/die-besten-minecraft-server\/\" class=\"nk-post-img\"\n                    >\n            <noscript><img loading=\"lazy\" decoding=\"async\" width=\"1920\" height=\"1080\" src=\"https:\/\/tech.utdnews.com\/wp-content\/uploads\/2021\/10\/minecraft-529464.jpg\" class=\"wp-image-1125\" alt=\"\" srcset=\"https:\/\/tech.utdnews.com\/wp-content\/uploads\/2021\/10\/minecraft-529464.jpg 1920w, https:\/\/tech.utdnews.com\/wp-content\/uploads\/2021\/10\/minecraft-529464-300x169.jpg 300w, https:\/\/tech.utdnews.com\/wp-content\/uploads\/2021\/10\/minecraft-529464-1024x576.jpg 1024w, https:\/\/tech.utdnews.com\/wp-content\/uploads\/2021\/10\/minecraft-529464-768x432.jpg 768w, https:\/\/tech.utdnews.com\/wp-content\/uploads\/2021\/10\/minecraft-529464-1536x864.jpg 1536w, https:\/\/tech.utdnews.com\/wp-content\/uploads\/2021\/10\/minecraft-529464-500x281.jpg 500w, https:\/\/tech.utdnews.com\/wp-content\/uploads\/2021\/10\/minecraft-529464-800x450.jpg 800w, https:\/\/tech.utdnews.com\/wp-content\/uploads\/2021\/10\/minecraft-529464-1280x720.jpg 1280w, https:\/\/tech.utdnews.com\/wp-content\/uploads\/2021\/10\/minecraft-529464-48x27.jpg 48w\" sizes=\"(max-width: 1920px) 100vw, 1920px\" \/><\/noscript><img decoding=\"async\" width=\"1920\" height=\"1080\" src=\"https:\/\/tech.utdnews.com\/wp-content\/uploads\/2021\/10\/minecraft-529464.jpg\" class=\"wp-image-1125 vp-lazyload\" alt srcset=\"data:image\/svg+xml;base64,PHN2ZyB3aWR0aD0iMTkyMCIgaGVpZ2h0PSIxMDgwIiB2aWV3Qm94PSIwIDAgMTkyMCAxMDgwIiBmaWxsPSJub25lIiB4bWxucz0iaHR0cDovL3d3dy53My5vcmcvMjAwMC9zdmciPjwvc3ZnPg==\" data-src=\"https:\/\/tech.utdnews.com\/wp-content\/uploads\/2021\/10\/minecraft-529464.jpg\" data-srcset=\"https:\/\/tech.utdnews.com\/wp-content\/uploads\/2021\/10\/minecraft-529464.jpg 1920w, https:\/\/tech.utdnews.com\/wp-content\/uploads\/2021\/10\/minecraft-529464-300x169.jpg 300w, https:\/\/tech.utdnews.com\/wp-content\/uploads\/2021\/10\/minecraft-529464-1024x576.jpg 1024w, https:\/\/tech.utdnews.com\/wp-content\/uploads\/2021\/10\/minecraft-529464-768x432.jpg 768w, https:\/\/tech.utdnews.com\/wp-content\/uploads\/2021\/10\/minecraft-529464-1536x864.jpg 1536w, https:\/\/tech.utdnews.com\/wp-content\/uploads\/2021\/10\/minecraft-529464-500x281.jpg 500w, https:\/\/tech.utdnews.com\/wp-content\/uploads\/2021\/10\/minecraft-529464-800x450.jpg 800w, https:\/\/tech.utdnews.com\/wp-content\/uploads\/2021\/10\/minecraft-529464-1280x720.jpg 1280w, https:\/\/tech.utdnews.com\/wp-content\/uploads\/2021\/10\/minecraft-529464-48x27.jpg 48w\" data-sizes=\"auto\" loading=\"eager\">                        <span class=\"nk-post-categories\"><span style=\"background-color:#FF5B84\">Gaming<\/span><\/span>        <\/a>\n        <div class=\"nk-gap-2\"><\/div>\n    <div class=\"row vertical-gap\">\n        <div class=\"col-md-8 col-lg-9\">\n                            <h2 class=\"nk-post-title h4\">\n                                            <a href=\"https:\/\/tech.utdnews.com\/de\/die-besten-minecraft-server\/\"\n                                                    >\n                            Die besten Minecraft-Server                        <\/a>\n                                        <\/h2>\n                                <div class=\"nk-gap-1\"><\/div>\n                                                <div class=\"nk-post-text\">\n                    Alle Spielmodi sind in unserer Liste der besten Minecraft-Server vertreten Seine Werke und Ideen sind auf Tausenden von Servern verewigt. Jeder Server ist eine in sich geschlossene Multiplayer-Welt mit eigenen Regeln, eigenem Spielstil und eigenen Gemeinschaften. Wir haben uns auf die Suche nach den allerbesten gemacht, die von atemberaubenden Konstruktionen und Ausblicken bis hin zu Welten mit v\u00f6llig neuen Regeln und Spielmodi alles zu bieten haben. Die von Spielern geschaffenen...                <\/div>\n                        <\/div>\n                <div class=\"col-md-4 col-lg-3\">\n                    <div class=\"nk-post-by\">\n            <img alt='' src='https:\/\/secure.gravatar.com\/avatar\/0c5c1517816cd305172ab0d6877c7e3f?s=60&#038;d=mm&#038;r=g' srcset='https:\/\/secure.gravatar.com\/avatar\/0c5c1517816cd305172ab0d6877c7e3f?s=120&#038;d=mm&#038;r=g 2x' class='avatar avatar-60 photo rounded-circle' height='60' width='60' \/>by <span class=\"author vcard\"><a class=\"url fn n\" href=\"https:\/\/tech.utdnews.com\/de\/author\/tech-utdnews-com\/\">tech.utdnews.com<\/a><\/span><br> in Oktober 16, 2021        <\/div>\n                <\/div>\n    <\/div>\n<\/div>\n\t\t\t<\/figure>\n\t\t\t\t\t<\/article>\n\t\t\n\t\t<article\t\tclass=\"vp-portfolio__item-wrap post-1104 post type-post status-publish format-standard has-post-thumbnail hentry category-gaming category-technologie vp-portfolio__item-uid-f8cfd99d\" data-vp-filter=\"gaming,technologie\" \t\t>\n\t\t\t\t\t\t\t\t\t<figure class=\"vp-portfolio__item\">\n\t\t\t\t<div class=\"nk-blog-post nk-blog-fullwidth\">\n        <a href=\"https:\/\/tech.utdnews.com\/de\/wir-haben-mit-dem-entwickler-des-dynamischen-server-start-systems-gesprochen\/\" class=\"nk-post-img\"\n                    >\n            <noscript><img loading=\"lazy\" decoding=\"async\" width=\"1920\" height=\"1080\" src=\"https:\/\/tech.utdnews.com\/wp-content\/uploads\/2021\/10\/minecraft-1106253.png\" class=\"wp-image-1121\" alt=\"\" srcset=\"https:\/\/tech.utdnews.com\/wp-content\/uploads\/2021\/10\/minecraft-1106253.png 1920w, https:\/\/tech.utdnews.com\/wp-content\/uploads\/2021\/10\/minecraft-1106253-300x169.png 300w, https:\/\/tech.utdnews.com\/wp-content\/uploads\/2021\/10\/minecraft-1106253-1024x576.png 1024w, https:\/\/tech.utdnews.com\/wp-content\/uploads\/2021\/10\/minecraft-1106253-768x432.png 768w, https:\/\/tech.utdnews.com\/wp-content\/uploads\/2021\/10\/minecraft-1106253-1536x864.png 1536w, https:\/\/tech.utdnews.com\/wp-content\/uploads\/2021\/10\/minecraft-1106253-500x281.png 500w, https:\/\/tech.utdnews.com\/wp-content\/uploads\/2021\/10\/minecraft-1106253-800x450.png 800w, https:\/\/tech.utdnews.com\/wp-content\/uploads\/2021\/10\/minecraft-1106253-1280x720.png 1280w, https:\/\/tech.utdnews.com\/wp-content\/uploads\/2021\/10\/minecraft-1106253-48x27.png 48w\" sizes=\"(max-width: 1920px) 100vw, 1920px\" \/><\/noscript><img decoding=\"async\" width=\"1920\" height=\"1080\" src=\"https:\/\/tech.utdnews.com\/wp-content\/uploads\/2021\/10\/minecraft-1106253.png\" class=\"wp-image-1121 vp-lazyload\" alt srcset=\"data:image\/svg+xml;base64,PHN2ZyB3aWR0aD0iMTkyMCIgaGVpZ2h0PSIxMDgwIiB2aWV3Qm94PSIwIDAgMTkyMCAxMDgwIiBmaWxsPSJub25lIiB4bWxucz0iaHR0cDovL3d3dy53My5vcmcvMjAwMC9zdmciPjwvc3ZnPg==\" data-src=\"https:\/\/tech.utdnews.com\/wp-content\/uploads\/2021\/10\/minecraft-1106253.png\" data-srcset=\"https:\/\/tech.utdnews.com\/wp-content\/uploads\/2021\/10\/minecraft-1106253.png 1920w, https:\/\/tech.utdnews.com\/wp-content\/uploads\/2021\/10\/minecraft-1106253-300x169.png 300w, https:\/\/tech.utdnews.com\/wp-content\/uploads\/2021\/10\/minecraft-1106253-1024x576.png 1024w, https:\/\/tech.utdnews.com\/wp-content\/uploads\/2021\/10\/minecraft-1106253-768x432.png 768w, https:\/\/tech.utdnews.com\/wp-content\/uploads\/2021\/10\/minecraft-1106253-1536x864.png 1536w, https:\/\/tech.utdnews.com\/wp-content\/uploads\/2021\/10\/minecraft-1106253-500x281.png 500w, https:\/\/tech.utdnews.com\/wp-content\/uploads\/2021\/10\/minecraft-1106253-800x450.png 800w, https:\/\/tech.utdnews.com\/wp-content\/uploads\/2021\/10\/minecraft-1106253-1280x720.png 1280w, https:\/\/tech.utdnews.com\/wp-content\/uploads\/2021\/10\/minecraft-1106253-48x27.png 48w\" data-sizes=\"auto\" loading=\"eager\">                        <span class=\"nk-post-categories\"><span style=\"background-color:#FF5B84\">Gaming<\/span><\/span>        <\/a>\n        <div class=\"nk-gap-2\"><\/div>\n    <div class=\"row vertical-gap\">\n        <div class=\"col-md-8 col-lg-9\">\n                            <h2 class=\"nk-post-title h4\">\n                                            <a href=\"https:\/\/tech.utdnews.com\/de\/wir-haben-mit-dem-entwickler-des-dynamischen-server-start-systems-gesprochen\/\"\n                                                    >\n                            Interview: Entwickler des dynamischen Server-Start-Systems                        <\/a>\n                                        <\/h2>\n                                <div class=\"nk-gap-1\"><\/div>\n                                                <div class=\"nk-post-text\">\n                    Interview mit dem Gr\u00fcnder der Pils10 Company (Editiertes Transkript) Reporter : Die Bezeichnung Pils10 ist f\u00fcr ein Unternehmen und als K\u00fcnstlername ist sicherlich ungew\u00f6hnlich. Erz\u00e4hlen Sie bitte, wie es zu der Namensgebung kam. Pils10: Der Name spiegelt meine Vorliebe zu Bier Pilsener Brauart wider. Positiv war zudem, dass der Begriff Pils \u00fcberall bekannt und positiv besetzt ist, allerdings au\u00dfer im Brauwesen keine sonstige Verwendung findet. Um einen eigenst\u00e4ndigen Namen zu...                <\/div>\n                        <\/div>\n                <div class=\"col-md-4 col-lg-3\">\n                    <div class=\"nk-post-by\">\n            <img alt='' src='https:\/\/secure.gravatar.com\/avatar\/0c5c1517816cd305172ab0d6877c7e3f?s=60&#038;d=mm&#038;r=g' srcset='https:\/\/secure.gravatar.com\/avatar\/0c5c1517816cd305172ab0d6877c7e3f?s=120&#038;d=mm&#038;r=g 2x' class='avatar avatar-60 photo rounded-circle' height='60' width='60' \/>by <span class=\"author vcard\"><a class=\"url fn n\" href=\"https:\/\/tech.utdnews.com\/de\/author\/tech-utdnews-com\/\">tech.utdnews.com<\/a><\/span><br> in Oktober 16, 2021        <\/div>\n                <\/div>\n    <\/div>\n<\/div>\n\t\t\t<\/figure>\n\t\t\t\t\t<\/article>\n\t\t\n<\/div>\n\t\t<\/div>\n\t\t\t\t<div class=\"vp-portfolio__layout-elements vp-portfolio__layout-elements-bottom vp-portfolio__layout-elements-align-center\">\n\t\t\t\t<div class=\"vp-portfolio__pagination-wrap\">\n\t\t\t\t<\/div>\n\t\t\t\t<\/div>\n\t\t\n<\/div>\n<\/div>\n","protected":false},"excerpt":{"rendered":"","protected":false},"author":1,"featured_media":0,"parent":0,"menu_order":0,"comment_status":"closed","ping_status":"closed","template":"","meta":{"ghostkit_customizer_options":"","ghostkit_custom_css":"","ghostkit_custom_js_head":"","ghostkit_custom_js_foot":"","ghostkit_typography":"","_vp_format_video_url":"","_vp_image_focal_point":[],"footnotes":""},"_links":{"self":[{"href":"https:\/\/tech.utdnews.com\/de\/wp-json\/wp\/v2\/pages\/208"}],"collection":[{"href":"https:\/\/tech.utdnews.com\/de\/wp-json\/wp\/v2\/pages"}],"about":[{"href":"https:\/\/tech.utdnews.com\/de\/wp-json\/wp\/v2\/types\/page"}],"author":[{"embeddable":true,"href":"https:\/\/tech.utdnews.com\/de\/wp-json\/wp\/v2\/users\/1"}],"replies":[{"embeddable":true,"href":"https:\/\/tech.utdnews.com\/de\/wp-json\/wp\/v2\/comments?post=208"}],"version-history":[{"count":0,"href":"https:\/\/tech.utdnews.com\/de\/wp-json\/wp\/v2\/pages\/208\/revisions"}],"wp:attachment":[{"href":"https:\/\/tech.utdnews.com\/de\/wp-json\/wp\/v2\/media?parent=208"}],"curies":[{"name":"wp","href":"https:\/\/api.w.org\/{rel}","templated":true}]}}